{"id":42097,"date":"2025-05-16T18:12:16","date_gmt":"2025-05-16T22:12:16","guid":{"rendered":"http:\/\/www.enactus.ca\/championne-denactus\/"},"modified":"2025-10-07T13:26:47","modified_gmt":"2025-10-07T17:26:47","slug":"championne-denactus","status":"publish","type":"page","link":"https:\/\/enactus.ca\/fr\/les-programmes\/prix-et-bourses\/championne-denactus\/","title":{"rendered":"Championne d&rsquo;Enactus"},"content":{"rendered":"\t\t<div data-elementor-type=\"wp-page\" data-elementor-id=\"42097\" class=\"elementor elementor-42097 elementor-35709\" data-elementor-post-type=\"page\">\n\t\t\t\t<div class=\"elementor-element elementor-element-4cb286f7 header-title-only e-flex e-con-boxed e-con e-parent\" data-id=\"4cb286f7\" data-element_type=\"container\" data-e-type=\"container\" data-settings=\"{&quot;background_background&quot;:&quot;classic&quot;}\">\n\t\t\t\t\t<div class=\"e-con-inner\">\n\t\t<div class=\"elementor-element elementor-element-15e879c4 e-con-full e-flex e-con e-child\" data-id=\"15e879c4\" data-element_type=\"container\" data-e-type=\"container\">\n\t\t\t\t<div class=\"elementor-element elementor-element-1fa0f546 elementor-widget elementor-widget-heading\" data-id=\"1fa0f546\" data-element_type=\"widget\" data-e-type=\"widget\" data-widget_type=\"heading.default\">\n\t\t\t\t<div class=\"elementor-widget-container\">\n\t\t\t\t\t<h1 class=\"elementor-heading-title elementor-size-default\">Championne d'Enactus<\/h1>\t\t\t\t<\/div>\n\t\t\t\t<\/div>\n\t\t\t\t<\/div>\n\t\t<div class=\"elementor-element elementor-element-3c51169c e-con-full graphic-left e-flex e-con e-child\" data-id=\"3c51169c\" data-element_type=\"container\" data-e-type=\"container\" data-settings=\"{&quot;background_background&quot;:&quot;classic&quot;,&quot;position&quot;:&quot;absolute&quot;}\">\n\t\t\t\t<\/div>\n\t\t<div class=\"elementor-element elementor-element-3262f17 e-con-full click-through graphic-right elementor-hidden-tablet elementor-hidden-mobile e-flex e-con e-child\" data-id=\"3262f17\" data-element_type=\"container\" data-e-type=\"container\" data-settings=\"{&quot;background_background&quot;:&quot;classic&quot;,&quot;position&quot;:&quot;absolute&quot;}\">\n\t\t\t\t<\/div>\n\t\t\t\t\t<\/div>\n\t\t\t\t<\/div>\n\t\t<div class=\"elementor-element elementor-element-13def57 bread-row e-flex e-con-boxed elementor-invisible e-con e-parent\" data-id=\"13def57\" data-element_type=\"container\" data-e-type=\"container\" data-settings=\"{&quot;animation&quot;:&quot;fadeIn&quot;}\">\n\t\t\t\t\t<div class=\"e-con-inner\">\n\t\t\t\t<div class=\"elementor-element elementor-element-2721106 elementor-widget elementor-widget-template\" data-id=\"2721106\" data-element_type=\"widget\" data-e-type=\"widget\" data-widget_type=\"template.default\">\n\t\t\t\t<div class=\"elementor-widget-container\">\n\t\t\t\t\t\t\t<div class=\"elementor-template\">\n\t\t\t\t\t<div data-elementor-type=\"container\" data-elementor-id=\"42403\" class=\"elementor elementor-42403 elementor-38721 elementor-38721\" data-elementor-post-type=\"elementor_library\">\n\t\t\t\t<div class=\"elementor-element elementor-element-7b018b81 e-con-full e-flex e-con e-child\" data-id=\"7b018b81\" data-element_type=\"container\" data-e-type=\"container\">\n\t\t\t\t<div class=\"elementor-element elementor-element-4f4dacd7 e-transform elementor-widget elementor-widget-breadcrumbs\" data-id=\"4f4dacd7\" data-element_type=\"widget\" data-e-type=\"widget\" data-settings=\"{&quot;_transform_translateX_effect&quot;:{&quot;unit&quot;:&quot;px&quot;,&quot;size&quot;:&quot;&quot;,&quot;sizes&quot;:[]},&quot;_transform_translateX_effect_tablet&quot;:{&quot;unit&quot;:&quot;px&quot;,&quot;size&quot;:&quot;&quot;,&quot;sizes&quot;:[]},&quot;_transform_translateX_effect_mobile&quot;:{&quot;unit&quot;:&quot;px&quot;,&quot;size&quot;:&quot;&quot;,&quot;sizes&quot;:[]},&quot;_transform_translateY_effect&quot;:{&quot;unit&quot;:&quot;px&quot;,&quot;size&quot;:&quot;&quot;,&quot;sizes&quot;:[]},&quot;_transform_translateY_effect_tablet&quot;:{&quot;unit&quot;:&quot;px&quot;,&quot;size&quot;:&quot;&quot;,&quot;sizes&quot;:[]},&quot;_transform_translateY_effect_mobile&quot;:{&quot;unit&quot;:&quot;px&quot;,&quot;size&quot;:&quot;&quot;,&quot;sizes&quot;:[]}}\" data-widget_type=\"breadcrumbs.default\">\n\t\t\t\t<div class=\"elementor-widget-container\">\n\t\t\t\t\t<p id=\"breadcrumbs\"><span><span><a href=\"https:\/\/enactus.ca\/fr\/\">Accueil<\/a><\/span><\/span><\/p>\t\t\t\t<\/div>\n\t\t\t\t<\/div>\n\t\t\t\t<\/div>\n\t\t\t\t<\/div>\n\t\t\t\t<\/div>\n\t\t\t\t\t\t<\/div>\n\t\t\t\t<\/div>\n\t\t\t\t\t<\/div>\n\t\t\t\t<\/div>\n\t\t<div class=\"elementor-element elementor-element-249683fc e-flex e-con-boxed elementor-invisible e-con e-parent\" data-id=\"249683fc\" data-element_type=\"container\" data-e-type=\"container\" data-settings=\"{&quot;background_background&quot;:&quot;classic&quot;,&quot;animation&quot;:&quot;fadeIn&quot;}\">\n\t\t\t\t\t<div class=\"e-con-inner\">\n\t\t<div class=\"elementor-element elementor-element-46e78de e-con-full e-flex e-con e-child\" data-id=\"46e78de\" data-element_type=\"container\" data-e-type=\"container\">\n\t\t<div class=\"elementor-element elementor-element-79e8ca04 e-con-full e-flex e-con e-child\" data-id=\"79e8ca04\" data-element_type=\"container\" data-e-type=\"container\">\n\t\t<div class=\"elementor-element elementor-element-16d21c3f e-con-full e-flex e-con e-child\" data-id=\"16d21c3f\" data-element_type=\"container\" data-e-type=\"container\">\n\t\t\t\t<div class=\"elementor-element elementor-element-334399db elementor-widget elementor-widget-image\" data-id=\"334399db\" data-element_type=\"widget\" data-e-type=\"widget\" data-widget_type=\"image.default\">\n\t\t\t\t<div class=\"elementor-widget-container\">\n\t\t\t\t\t\t\t\t\t\t\t\t\t\t\t<img fetchpriority=\"high\" decoding=\"async\" width=\"1920\" height=\"1280\" src=\"https:\/\/enactus.ca\/wp-content\/uploads\/2025\/06\/champion-of-enactus-2025.jpg\" class=\"attachment-full size-full wp-image-41723\" alt=\"Champion of Enactus Avik with President and CEO Catherine Fowler\" srcset=\"https:\/\/enactus.ca\/wp-content\/uploads\/2025\/06\/champion-of-enactus-2025.jpg 1920w, https:\/\/enactus.ca\/wp-content\/uploads\/2025\/06\/champion-of-enactus-2025-300x200.jpg 300w, https:\/\/enactus.ca\/wp-content\/uploads\/2025\/06\/champion-of-enactus-2025-1024x683.jpg 1024w, https:\/\/enactus.ca\/wp-content\/uploads\/2025\/06\/champion-of-enactus-2025-768x512.jpg 768w, https:\/\/enactus.ca\/wp-content\/uploads\/2025\/06\/champion-of-enactus-2025-1536x1024.jpg 1536w\" sizes=\"(max-width: 1920px) 100vw, 1920px\" \/>\t\t\t\t\t\t\t\t\t\t\t\t\t\t\t<\/div>\n\t\t\t\t<\/div>\n\t\t\t\t<\/div>\n\t\t\t\t<\/div>\n\t\t\t\t<\/div>\n\t\t<div class=\"elementor-element elementor-element-5f05aa81 e-con-full e-flex e-con e-child\" data-id=\"5f05aa81\" data-element_type=\"container\" data-e-type=\"container\">\n\t\t<div class=\"elementor-element elementor-element-71a4d985 e-con-full e-flex e-con e-child\" data-id=\"71a4d985\" data-element_type=\"container\" data-e-type=\"container\">\n\t\t\t\t<div class=\"elementor-element elementor-element-3cc5a7f7 elementor-widget elementor-widget-text-editor\" data-id=\"3cc5a7f7\" data-element_type=\"widget\" data-e-type=\"widget\" data-widget_type=\"text-editor.default\">\n\t\t\t\t<div class=\"elementor-widget-container\">\n\t\t\t\t\t\t\t\t\t<p><span style=\"font-weight: 400;\">Le Champion d&rsquo;Enactus repr\u00e9sente un partenaire ou un chef d&rsquo;entreprise qui joue un r\u00f4le d\u00e9terminant dans le soutien et la diffusion de l&rsquo;information sur l&rsquo;organisation.  <\/span><\/p>\t\t\t\t\t\t\t\t<\/div>\n\t\t\t\t<\/div>\n\t\t\t\t<div class=\"elementor-element elementor-element-37c6304 elementor-widget elementor-widget-heading\" data-id=\"37c6304\" data-element_type=\"widget\" data-e-type=\"widget\" data-widget_type=\"heading.default\">\n\t\t\t\t<div class=\"elementor-widget-container\">\n\t\t\t\t\t<h2 class=\"elementor-heading-title elementor-size-default\">Champion 2025<\/h2>\t\t\t\t<\/div>\n\t\t\t\t<\/div>\n\t\t\t\t<div class=\"elementor-element elementor-element-130c9fe elementor-widget elementor-widget-text-editor\" data-id=\"130c9fe\" data-element_type=\"widget\" data-e-type=\"widget\" data-widget_type=\"text-editor.default\">\n\t\t\t\t<div class=\"elementor-widget-container\">\n\t\t\t\t\t\t\t\t\t<p><strong>Le champion 2025 d&rsquo;Enactus est Avik Dey de Capital Power.<\/strong><\/p><ul class=\"ProsemirrorEditor-list\" data-pm-slice=\"3 3 []\"><li class=\"ProsemirrorEditor-listItem\" data-list-indent=\"2\" data-list-type=\"bulleted\"><p>V\u00e9ritable ambassadeur de l&rsquo;organisation et de sa mission, Avik a jug\u00e9 d&rsquo;innombrables concours et continue de d\u00e9fendre Enactus dans tout le pays, en particulier dans sa province d&rsquo;origine, l&rsquo;Alberta.  <\/p><\/li><li class=\"ProsemirrorEditor-listItem\" data-list-indent=\"2\" data-list-type=\"bulleted\"><p>Cette ann\u00e9e, \u00e0 Calgary, Avik a jou\u00e9 un r\u00f4le essentiel dans la r\u00e9ussite de l&rsquo;exposition nationale d&rsquo;Enactus Canada. Il a jou\u00e9 un r\u00f4le d\u00e9terminant dans l&rsquo;identification et l&rsquo;engagement de b\u00e9n\u00e9voles, de juges et de partenaires pour soutenir et participer \u00e0 l&rsquo;\u00e9v\u00e9nement. Il a \u00e9galement organis\u00e9 et dirig\u00e9 le panel des anciens de RBC, r\u00e9unissant l&rsquo;\u00e9quipe de direction de l&rsquo;Universit\u00e9 de Calgary pour une discussion dynamique et inspirante.  <\/p><\/li><\/ul>\t\t\t\t\t\t\t\t<\/div>\n\t\t\t\t<\/div>\n\t\t\t\t<\/div>\n\t\t\t\t<\/div>\n\t\t\t\t\t<\/div>\n\t\t\t\t<\/div>\n\t\t<div class=\"elementor-element elementor-element-a290bf5 e-flex e-con-boxed e-con e-parent\" data-id=\"a290bf5\" data-element_type=\"container\" data-e-type=\"container\">\n\t\t\t\t\t<div class=\"e-con-inner\">\n\t\t\t\t<div class=\"elementor-element elementor-element-deff772 elementor-widget elementor-widget-heading\" data-id=\"deff772\" data-element_type=\"widget\" data-e-type=\"widget\" data-widget_type=\"heading.default\">\n\t\t\t\t<div class=\"elementor-widget-container\">\n\t\t\t\t\t<h2 class=\"elementor-heading-title elementor-size-default\">Tous les champions d'Enactus<\/h2>\t\t\t\t<\/div>\n\t\t\t\t<\/div>\n\t\t\t\t\t<\/div>\n\t\t\t\t<\/div>\n\t\t<div class=\"elementor-element elementor-element-912a0b4 e-flex e-con-boxed e-con e-parent\" data-id=\"912a0b4\" data-element_type=\"container\" data-e-type=\"container\">\n\t\t\t\t\t<div class=\"e-con-inner\">\n\t\t\t\t<div class=\"elementor-element elementor-element-9550f81 elementor-widget elementor-widget-text-editor\" data-id=\"9550f81\" data-element_type=\"widget\" data-e-type=\"widget\" data-widget_type=\"text-editor.default\">\n\t\t\t\t<div class=\"elementor-widget-container\">\n\t\t\t\t\t\t\t\t\t<table border=\"1\">\n<tbody>\n<tr>\n<th>Ann\u00e9e<\/th>\n<th>Nom(s) et soci\u00e9t\u00e9 du champion<\/th>\n<\/tr>\n<tr>\n<td>2025<\/td>\n<td>Avik Dey &#8211; Capital Power<\/td>\n<\/tr>\n<tr>\n<td>2024<\/td>\n<td>Marilyn Horrick &#8211; Desjardins<\/td>\n<\/tr>\n<tr>\n<td>2023<\/td>\n<td>Lynn Oldfield &#8211; AIG\nDiane Sauve &#8211; Fondation Jeanne Sauve<\/td>\n<\/tr>\n<tr>\n<td>2022<\/td>\n<td>Nicole Almond &#8211; Enactus Canada<\/td>\n<\/tr>\n<tr>\n<td>2021<\/td>\n<td>Susan O&rsquo;Brien &#8211; Canadian Tire\nMarie Artim &#8211; Enterprise Holding<\/td>\n<\/tr>\n<tr>\n<td>2020<\/td>\n<td>Jessica Fisher &#8211; Co-operators\nPatrick Famaran &#8211; RBC<\/td>\n<\/tr>\n<tr>\n<td>2019<\/td>\n<td>Lacey Jansen &#8211; Banque canadienne de l&rsquo;Ouest\nBarbara Turley-MacIntyre &#8211; Co-operators<\/td>\n<\/tr>\n<tr>\n<td>2018<\/td>\n<td>Kevin Murphy &#8211; BIC\nRod Sturtridge &#8211; Carlton Cards<\/td>\n<\/tr>\n<tr>\n<td>2017<\/td>\n<td>Alison DeMille &#8211; McCain Foods\nKim Hallwood &#8211; HSBC\nShane Holdaway &#8211; Mission Lane<\/td>\n<\/tr>\n<tr>\n<td>2016<\/td>\n<td>Caroline Barham &#8211; Whitney Barham Foundation\nRon Kelusky &#8211; Public Services Health and Safety Association\nTerri Williams &#8211; Scotiabank<\/td>\n<\/tr>\n<tr>\n<td>2015<\/td>\n<td>Ian Hanning &#8211; PC Financial\nTrudi Saulnier &#8211; (Tupperware Brands)<\/td>\n<\/tr>\n<tr>\n<td>2014<\/td>\n<td>David Clanachan &#8211; Commissaire de CPL, pr\u00e9sident de RBI, ex-pr\u00e9sident de Tim Hortons\nJohn Donald &#8211; (Universit\u00e9 de Guelph)\nSandra Stuart &#8211; Banque HSBC Canada<\/td>\n<\/tr>\n<tr>\n<td>2013<\/td>\n<td>Chuck Farrell &#8211; Walmart Canada \/ Pizza Pizza Ltd.\nBruce Nasby &#8211; Global Advisory Associates\nV\u00e9ronique Larriv\u00e9e &#8211; BDC\nLaurel Ostfield &#8211; Capital One\nJohn LeBoutillier &#8211; Unilever Canada\nMarcia Stewart &#8211; RBC<\/td>\n<\/tr>\n<tr>\n<td>2012<\/td>\n<td>Fondation canadienne des jeunes entrepreneurs &#8211; Maintenant Futurpreneur Canada\nErin Scheel\nMark Childs\nDoug Gunn<\/td>\n<\/tr>\n<tr>\n<td>2011<\/td>\n<td>Rodney Larmand &#8211; anciennement College Pro Painters, actuellement ind\u00e9pendant\nTony Valle &#8211; PDG de College Pro Painters, Qualicare et ELM Performance Group\nFrancis Power &#8211; (Banque Scotia)\nMarc Viola &#8211; Loblaws\nArlene Russell &#8211; (Banque Scotia)<\/td>\n<\/tr>\n<tr>\n<td>2010<\/td>\n<td>Bob Sartor\nPaula Worthington &#8211; Pr\u00e9sidente de Worthington PR &amp; Story\nDorelle Joynt &#8211; CIBC<\/td>\n<\/tr>\n<tr>\n<td>2009<\/td>\n<td>Mark Hanley &#8211; Pr\u00e9sident de Baybridge Investments<\/td>\n<\/tr>\n<tr>\n<td>2008<\/td>\n<td>Don Alderman\nJennifer Cropley\nJesse DeCosta &#8211; PDG de DECOSTA\nJeff Mann\nJohn S. Lacey &#8211; Loblaws<\/td>\n<\/tr>\n<tr>\n<td>2007<\/td>\n<td>Roberta Sampson\nRob Henderson &#8211; Fondateur et PDG de YOURIKA<\/td>\n<\/tr>\n<tr>\n<td>2006<\/td>\n<td>David Arnold\nChuck Hounsell\nSeneca College<\/td>\n<\/tr>\n<tr>\n<td>2005<\/td>\n<td>Marc Chouinard\nGuy Burry &#8211; Universit\u00e9 de York\nHillary Stauth\nJohn (Ian) A. Craig\nGordon W. Gow\nMario Pilozzi &#8211; Ancien PDG de Wal-Mart\nJane Sharpe<\/td>\n<\/tr>\n<tr>\n<td>2004<\/td>\n<td>John Dobson &#8211; Fondation John Dobson\nAndrea DeNoble &#8211; Enterprise\nRob Paterson &#8211; Alterna Savings\nJennifer Jones &#8211; A travaill\u00e9 pour CIBC\nBelinda Stronach\nJulie Khan &#8211; A travaill\u00e9 pour Enterprise et d&rsquo;autres organisations<\/td>\n<\/tr>\n<\/tbody>\n<\/table>\t\t\t\t\t\t\t\t<\/div>\n\t\t\t\t<\/div>\n\t\t\t\t\t<\/div>\n\t\t\t\t<\/div>\n\t\t\t\t<\/div>\n\t\t","protected":false},"excerpt":{"rendered":"<p>Championne d&rsquo;Enactus Le Champion d&rsquo;Enactus repr\u00e9sente un partenaire ou un chef d&rsquo;entreprise qui joue un r\u00f4le d\u00e9terminant dans le soutien et la diffusion de l&rsquo;information sur l&rsquo;organisation. Champion 2025 Le champion 2025 d&rsquo;Enactus est Avik Dey de Capital Power. V\u00e9ritable ambassadeur de l&rsquo;organisation et de sa mission, Avik a jug\u00e9 d&rsquo;innombrables concours et continue de [&hellip;]<\/p>\n","protected":false},"author":2,"featured_media":0,"parent":42476,"menu_order":0,"comment_status":"closed","ping_status":"closed","template":"","meta":{"_acf_changed":false,"footnotes":""},"class_list":["post-42097","page","type-page","status-publish","hentry"],"acf":[],"yoast_head":"<!-- This site is optimized with the Yoast SEO plugin v27.3 - https:\/\/yoast.com\/product\/yoast-seo-wordpress\/ -->\n<title>Championne d&#039;Enactus - Enactus Canada<\/title>\n<meta name=\"robots\" content=\"index, follow, max-snippet:-1, max-image-preview:large, max-video-preview:-1\" \/>\n<link rel=\"canonical\" href=\"https:\/\/enactus.ca\/fr\/les-programmes\/prix-et-bourses\/championne-denactus\/\" \/>\n<meta property=\"og:locale\" content=\"fr_FR\" \/>\n<meta property=\"og:type\" content=\"article\" \/>\n<meta property=\"og:title\" content=\"Championne d&#039;Enactus - Enactus Canada\" \/>\n<meta property=\"og:description\" content=\"Championne d&rsquo;Enactus Le Champion d&rsquo;Enactus repr\u00e9sente un partenaire ou un chef d&rsquo;entreprise qui joue un r\u00f4le d\u00e9terminant dans le soutien et la diffusion de l&rsquo;information sur l&rsquo;organisation. Champion 2025 Le champion 2025 d&rsquo;Enactus est Avik Dey de Capital Power. V\u00e9ritable ambassadeur de l&rsquo;organisation et de sa mission, Avik a jug\u00e9 d&rsquo;innombrables concours et continue de [&hellip;]\" \/>\n<meta property=\"og:url\" content=\"https:\/\/enactus.ca\/fr\/les-programmes\/prix-et-bourses\/championne-denactus\/\" \/>\n<meta property=\"og:site_name\" content=\"Enactus Canada\" \/>\n<meta property=\"article:modified_time\" content=\"2025-10-07T17:26:47+00:00\" \/>\n<meta property=\"og:image\" content=\"https:\/\/enactus.ca\/wp-content\/uploads\/2025\/06\/champion-of-enactus-2025.jpg\" \/>\n\t<meta property=\"og:image:width\" content=\"1920\" \/>\n\t<meta property=\"og:image:height\" content=\"1280\" \/>\n\t<meta property=\"og:image:type\" content=\"image\/jpeg\" \/>\n<meta name=\"twitter:card\" content=\"summary_large_image\" \/>\n<meta name=\"twitter:label1\" content=\"Dur\u00e9e de lecture estim\u00e9e\" \/>\n\t<meta name=\"twitter:data1\" content=\"2 minutes\" \/>\n<script type=\"application\/ld+json\" class=\"yoast-schema-graph\">{\"@context\":\"https:\\\/\\\/schema.org\",\"@graph\":[{\"@type\":\"WebPage\",\"@id\":\"https:\\\/\\\/enactus.ca\\\/fr\\\/les-programmes\\\/prix-et-bourses\\\/championne-denactus\\\/\",\"url\":\"https:\\\/\\\/enactus.ca\\\/fr\\\/les-programmes\\\/prix-et-bourses\\\/championne-denactus\\\/\",\"name\":\"Championne d'Enactus - Enactus Canada\",\"isPartOf\":{\"@id\":\"https:\\\/\\\/enactus.ca\\\/fr\\\/#website\"},\"primaryImageOfPage\":{\"@id\":\"https:\\\/\\\/enactus.ca\\\/fr\\\/les-programmes\\\/prix-et-bourses\\\/championne-denactus\\\/#primaryimage\"},\"image\":{\"@id\":\"https:\\\/\\\/enactus.ca\\\/fr\\\/les-programmes\\\/prix-et-bourses\\\/championne-denactus\\\/#primaryimage\"},\"thumbnailUrl\":\"https:\\\/\\\/enactus.ca\\\/wp-content\\\/uploads\\\/2025\\\/06\\\/champion-of-enactus-2025.jpg\",\"datePublished\":\"2025-05-16T22:12:16+00:00\",\"dateModified\":\"2025-10-07T17:26:47+00:00\",\"breadcrumb\":{\"@id\":\"https:\\\/\\\/enactus.ca\\\/fr\\\/les-programmes\\\/prix-et-bourses\\\/championne-denactus\\\/#breadcrumb\"},\"inLanguage\":\"fr-FR\",\"potentialAction\":[{\"@type\":\"ReadAction\",\"target\":[\"https:\\\/\\\/enactus.ca\\\/fr\\\/les-programmes\\\/prix-et-bourses\\\/championne-denactus\\\/\"]}]},{\"@type\":\"ImageObject\",\"inLanguage\":\"fr-FR\",\"@id\":\"https:\\\/\\\/enactus.ca\\\/fr\\\/les-programmes\\\/prix-et-bourses\\\/championne-denactus\\\/#primaryimage\",\"url\":\"https:\\\/\\\/enactus.ca\\\/wp-content\\\/uploads\\\/2025\\\/06\\\/champion-of-enactus-2025.jpg\",\"contentUrl\":\"https:\\\/\\\/enactus.ca\\\/wp-content\\\/uploads\\\/2025\\\/06\\\/champion-of-enactus-2025.jpg\"},{\"@type\":\"BreadcrumbList\",\"@id\":\"https:\\\/\\\/enactus.ca\\\/fr\\\/les-programmes\\\/prix-et-bourses\\\/championne-denactus\\\/#breadcrumb\",\"itemListElement\":[{\"@type\":\"ListItem\",\"position\":1,\"name\":\"Accueil\",\"item\":\"https:\\\/\\\/enactus.ca\\\/fr\\\/\"},{\"@type\":\"ListItem\",\"position\":2,\"name\":\"Les programmes\",\"item\":\"https:\\\/\\\/enactus.ca\\\/fr\\\/les-programmes\\\/\"},{\"@type\":\"ListItem\",\"position\":3,\"name\":\"Prix et bourses\",\"item\":\"https:\\\/\\\/enactus.ca\\\/fr\\\/les-programmes\\\/prix-et-bourses\\\/\"},{\"@type\":\"ListItem\",\"position\":4,\"name\":\"Championne d&#8217;Enactus\"}]},{\"@type\":\"WebSite\",\"@id\":\"https:\\\/\\\/enactus.ca\\\/fr\\\/#website\",\"url\":\"https:\\\/\\\/enactus.ca\\\/fr\\\/\",\"name\":\"Enactus Canada\",\"description\":\"Shaping generations of entrepreneurial leaders who are passionate about advancing the economic, social and environmental health of Canada.\",\"publisher\":{\"@id\":\"https:\\\/\\\/enactus.ca\\\/fr\\\/#organization\"},\"potentialAction\":[{\"@type\":\"SearchAction\",\"target\":{\"@type\":\"EntryPoint\",\"urlTemplate\":\"https:\\\/\\\/enactus.ca\\\/fr\\\/?s={search_term_string}\"},\"query-input\":{\"@type\":\"PropertyValueSpecification\",\"valueRequired\":true,\"valueName\":\"search_term_string\"}}],\"inLanguage\":\"fr-FR\"},{\"@type\":\"Organization\",\"@id\":\"https:\\\/\\\/enactus.ca\\\/fr\\\/#organization\",\"name\":\"Enactus Canada\",\"url\":\"https:\\\/\\\/enactus.ca\\\/fr\\\/\",\"logo\":{\"@type\":\"ImageObject\",\"inLanguage\":\"fr-FR\",\"@id\":\"https:\\\/\\\/enactus.ca\\\/fr\\\/#\\\/schema\\\/logo\\\/image\\\/\",\"url\":\"https:\\\/\\\/enactus.ca\\\/wp-content\\\/uploads\\\/2025\\\/03\\\/Enactus_Full_Color_logo.png\",\"contentUrl\":\"https:\\\/\\\/enactus.ca\\\/wp-content\\\/uploads\\\/2025\\\/03\\\/Enactus_Full_Color_logo.png\",\"width\":1523,\"height\":666,\"caption\":\"Enactus Canada\"},\"image\":{\"@id\":\"https:\\\/\\\/enactus.ca\\\/fr\\\/#\\\/schema\\\/logo\\\/image\\\/\"}}]}<\/script>\n<!-- \/ Yoast SEO plugin. -->","yoast_head_json":{"title":"Championne d'Enactus - Enactus Canada","robots":{"index":"index","follow":"follow","max-snippet":"max-snippet:-1","max-image-preview":"max-image-preview:large","max-video-preview":"max-video-preview:-1"},"canonical":"https:\/\/enactus.ca\/fr\/les-programmes\/prix-et-bourses\/championne-denactus\/","og_locale":"fr_FR","og_type":"article","og_title":"Championne d'Enactus - Enactus Canada","og_description":"Championne d&rsquo;Enactus Le Champion d&rsquo;Enactus repr\u00e9sente un partenaire ou un chef d&rsquo;entreprise qui joue un r\u00f4le d\u00e9terminant dans le soutien et la diffusion de l&rsquo;information sur l&rsquo;organisation. Champion 2025 Le champion 2025 d&rsquo;Enactus est Avik Dey de Capital Power. V\u00e9ritable ambassadeur de l&rsquo;organisation et de sa mission, Avik a jug\u00e9 d&rsquo;innombrables concours et continue de [&hellip;]","og_url":"https:\/\/enactus.ca\/fr\/les-programmes\/prix-et-bourses\/championne-denactus\/","og_site_name":"Enactus Canada","article_modified_time":"2025-10-07T17:26:47+00:00","og_image":[{"width":1920,"height":1280,"url":"https:\/\/enactus.ca\/wp-content\/uploads\/2025\/06\/champion-of-enactus-2025.jpg","type":"image\/jpeg"}],"twitter_card":"summary_large_image","twitter_misc":{"Dur\u00e9e de lecture estim\u00e9e":"2 minutes"},"schema":{"@context":"https:\/\/schema.org","@graph":[{"@type":"WebPage","@id":"https:\/\/enactus.ca\/fr\/les-programmes\/prix-et-bourses\/championne-denactus\/","url":"https:\/\/enactus.ca\/fr\/les-programmes\/prix-et-bourses\/championne-denactus\/","name":"Championne d'Enactus - Enactus Canada","isPartOf":{"@id":"https:\/\/enactus.ca\/fr\/#website"},"primaryImageOfPage":{"@id":"https:\/\/enactus.ca\/fr\/les-programmes\/prix-et-bourses\/championne-denactus\/#primaryimage"},"image":{"@id":"https:\/\/enactus.ca\/fr\/les-programmes\/prix-et-bourses\/championne-denactus\/#primaryimage"},"thumbnailUrl":"https:\/\/enactus.ca\/wp-content\/uploads\/2025\/06\/champion-of-enactus-2025.jpg","datePublished":"2025-05-16T22:12:16+00:00","dateModified":"2025-10-07T17:26:47+00:00","breadcrumb":{"@id":"https:\/\/enactus.ca\/fr\/les-programmes\/prix-et-bourses\/championne-denactus\/#breadcrumb"},"inLanguage":"fr-FR","potentialAction":[{"@type":"ReadAction","target":["https:\/\/enactus.ca\/fr\/les-programmes\/prix-et-bourses\/championne-denactus\/"]}]},{"@type":"ImageObject","inLanguage":"fr-FR","@id":"https:\/\/enactus.ca\/fr\/les-programmes\/prix-et-bourses\/championne-denactus\/#primaryimage","url":"https:\/\/enactus.ca\/wp-content\/uploads\/2025\/06\/champion-of-enactus-2025.jpg","contentUrl":"https:\/\/enactus.ca\/wp-content\/uploads\/2025\/06\/champion-of-enactus-2025.jpg"},{"@type":"BreadcrumbList","@id":"https:\/\/enactus.ca\/fr\/les-programmes\/prix-et-bourses\/championne-denactus\/#breadcrumb","itemListElement":[{"@type":"ListItem","position":1,"name":"Accueil","item":"https:\/\/enactus.ca\/fr\/"},{"@type":"ListItem","position":2,"name":"Les programmes","item":"https:\/\/enactus.ca\/fr\/les-programmes\/"},{"@type":"ListItem","position":3,"name":"Prix et bourses","item":"https:\/\/enactus.ca\/fr\/les-programmes\/prix-et-bourses\/"},{"@type":"ListItem","position":4,"name":"Championne d&#8217;Enactus"}]},{"@type":"WebSite","@id":"https:\/\/enactus.ca\/fr\/#website","url":"https:\/\/enactus.ca\/fr\/","name":"Enactus Canada","description":"Shaping generations of entrepreneurial leaders who are passionate about advancing the economic, social and environmental health of Canada.","publisher":{"@id":"https:\/\/enactus.ca\/fr\/#organization"},"potentialAction":[{"@type":"SearchAction","target":{"@type":"EntryPoint","urlTemplate":"https:\/\/enactus.ca\/fr\/?s={search_term_string}"},"query-input":{"@type":"PropertyValueSpecification","valueRequired":true,"valueName":"search_term_string"}}],"inLanguage":"fr-FR"},{"@type":"Organization","@id":"https:\/\/enactus.ca\/fr\/#organization","name":"Enactus Canada","url":"https:\/\/enactus.ca\/fr\/","logo":{"@type":"ImageObject","inLanguage":"fr-FR","@id":"https:\/\/enactus.ca\/fr\/#\/schema\/logo\/image\/","url":"https:\/\/enactus.ca\/wp-content\/uploads\/2025\/03\/Enactus_Full_Color_logo.png","contentUrl":"https:\/\/enactus.ca\/wp-content\/uploads\/2025\/03\/Enactus_Full_Color_logo.png","width":1523,"height":666,"caption":"Enactus Canada"},"image":{"@id":"https:\/\/enactus.ca\/fr\/#\/schema\/logo\/image\/"}}]}},"_links":{"self":[{"href":"https:\/\/enactus.ca\/fr\/wp-json\/wp\/v2\/pages\/42097","targetHints":{"allow":["GET"]}}],"collection":[{"href":"https:\/\/enactus.ca\/fr\/wp-json\/wp\/v2\/pages"}],"about":[{"href":"https:\/\/enactus.ca\/fr\/wp-json\/wp\/v2\/types\/page"}],"author":[{"embeddable":true,"href":"https:\/\/enactus.ca\/fr\/wp-json\/wp\/v2\/users\/2"}],"replies":[{"embeddable":true,"href":"https:\/\/enactus.ca\/fr\/wp-json\/wp\/v2\/comments?post=42097"}],"version-history":[{"count":2,"href":"https:\/\/enactus.ca\/fr\/wp-json\/wp\/v2\/pages\/42097\/revisions"}],"predecessor-version":[{"id":42099,"href":"https:\/\/enactus.ca\/fr\/wp-json\/wp\/v2\/pages\/42097\/revisions\/42099"}],"up":[{"embeddable":true,"href":"https:\/\/enactus.ca\/fr\/wp-json\/wp\/v2\/pages\/42476"}],"wp:attachment":[{"href":"https:\/\/enactus.ca\/fr\/wp-json\/wp\/v2\/media?parent=42097"}],"curies":[{"name":"wp","href":"https:\/\/api.w.org\/{rel}","templated":true}]}}