{"id":44485,"date":"2025-09-26T13:56:50","date_gmt":"2025-09-26T17:56:50","guid":{"rendered":"https:\/\/enactus.ca\/les-programmes\/accelerateur-dentreprises-sociales\/"},"modified":"2025-11-11T14:57:46","modified_gmt":"2025-11-11T19:57:46","slug":"accelerateur-dentreprises-sociales","status":"publish","type":"page","link":"https:\/\/enactus.ca\/fr\/les-programmes\/accelerateur-dentreprises-sociales\/","title":{"rendered":"Acc\u00e9l\u00e9rateur d&rsquo;entreprises sociales"},"content":{"rendered":"\t\t<div data-elementor-type=\"wp-page\" data-elementor-id=\"44485\" class=\"elementor elementor-44485 elementor-44009\" data-elementor-post-type=\"page\">\n\t\t\t\t<div class=\"elementor-element elementor-element-3d495b34 header-title-only e-flex e-con-boxed e-con e-parent\" data-id=\"3d495b34\" data-element_type=\"container\" data-e-type=\"container\" data-settings=\"{&quot;background_background&quot;:&quot;classic&quot;}\">\n\t\t\t\t\t<div class=\"e-con-inner\">\n\t\t<div class=\"elementor-element elementor-element-54b765ae e-con-full e-flex e-con e-child\" data-id=\"54b765ae\" data-element_type=\"container\" data-e-type=\"container\">\n\t\t\t\t<div class=\"elementor-element elementor-element-2924cc45 elementor-widget elementor-widget-heading\" data-id=\"2924cc45\" data-element_type=\"widget\" data-e-type=\"widget\" data-widget_type=\"heading.default\">\n\t\t\t\t<div class=\"elementor-widget-container\">\n\t\t\t\t\t<h1 class=\"elementor-heading-title elementor-size-default\">Acc\u00e9l\u00e9rateur d'entreprises sociales<\/h1>\t\t\t\t<\/div>\n\t\t\t\t<\/div>\n\t\t\t\t<\/div>\n\t\t<div class=\"elementor-element elementor-element-3f686d2c e-con-full graphic-left e-flex e-con e-child\" data-id=\"3f686d2c\" data-element_type=\"container\" data-e-type=\"container\" data-settings=\"{&quot;background_background&quot;:&quot;classic&quot;,&quot;position&quot;:&quot;absolute&quot;}\">\n\t\t\t\t<\/div>\n\t\t<div class=\"elementor-element elementor-element-9f0c721 e-con-full click-through graphic-right elementor-hidden-tablet elementor-hidden-mobile e-flex e-con e-child\" data-id=\"9f0c721\" data-element_type=\"container\" data-e-type=\"container\" data-settings=\"{&quot;background_background&quot;:&quot;classic&quot;,&quot;position&quot;:&quot;absolute&quot;}\">\n\t\t\t\t<\/div>\n\t\t\t\t\t<\/div>\n\t\t\t\t<\/div>\n\t\t<div class=\"elementor-element elementor-element-73c0a437 bread-row e-flex e-con-boxed elementor-invisible e-con e-parent\" data-id=\"73c0a437\" data-element_type=\"container\" data-e-type=\"container\" data-settings=\"{&quot;animation&quot;:&quot;fadeIn&quot;}\">\n\t\t\t\t\t<div class=\"e-con-inner\">\n\t\t\t\t<div class=\"elementor-element elementor-element-633821ae elementor-widget elementor-widget-template\" data-id=\"633821ae\" data-element_type=\"widget\" data-e-type=\"widget\" data-widget_type=\"template.default\">\n\t\t\t\t<div class=\"elementor-widget-container\">\n\t\t\t\t\t\t\t<div class=\"elementor-template\">\n\t\t\t\t\t<div data-elementor-type=\"container\" data-elementor-id=\"42403\" class=\"elementor elementor-42403 elementor-38721 elementor-38721\" data-elementor-post-type=\"elementor_library\">\n\t\t\t\t<div class=\"elementor-element elementor-element-7b018b81 e-con-full e-flex e-con e-child\" data-id=\"7b018b81\" data-element_type=\"container\" data-e-type=\"container\">\n\t\t\t\t<div class=\"elementor-element elementor-element-4f4dacd7 e-transform elementor-widget elementor-widget-breadcrumbs\" data-id=\"4f4dacd7\" data-element_type=\"widget\" data-e-type=\"widget\" data-settings=\"{&quot;_transform_translateX_effect&quot;:{&quot;unit&quot;:&quot;px&quot;,&quot;size&quot;:&quot;&quot;,&quot;sizes&quot;:[]},&quot;_transform_translateX_effect_tablet&quot;:{&quot;unit&quot;:&quot;px&quot;,&quot;size&quot;:&quot;&quot;,&quot;sizes&quot;:[]},&quot;_transform_translateX_effect_mobile&quot;:{&quot;unit&quot;:&quot;px&quot;,&quot;size&quot;:&quot;&quot;,&quot;sizes&quot;:[]},&quot;_transform_translateY_effect&quot;:{&quot;unit&quot;:&quot;px&quot;,&quot;size&quot;:&quot;&quot;,&quot;sizes&quot;:[]},&quot;_transform_translateY_effect_tablet&quot;:{&quot;unit&quot;:&quot;px&quot;,&quot;size&quot;:&quot;&quot;,&quot;sizes&quot;:[]},&quot;_transform_translateY_effect_mobile&quot;:{&quot;unit&quot;:&quot;px&quot;,&quot;size&quot;:&quot;&quot;,&quot;sizes&quot;:[]}}\" data-widget_type=\"breadcrumbs.default\">\n\t\t\t\t<div class=\"elementor-widget-container\">\n\t\t\t\t\t<p id=\"breadcrumbs\"><span><span><a href=\"https:\/\/enactus.ca\/fr\/\">Accueil<\/a><\/span><\/span><\/p>\t\t\t\t<\/div>\n\t\t\t\t<\/div>\n\t\t\t\t<\/div>\n\t\t\t\t<\/div>\n\t\t\t\t<\/div>\n\t\t\t\t\t\t<\/div>\n\t\t\t\t<\/div>\n\t\t\t\t\t<\/div>\n\t\t\t\t<\/div>\n\t\t<div class=\"elementor-element elementor-element-0839887 e-flex e-con-boxed elementor-invisible e-con e-parent\" data-id=\"0839887\" data-element_type=\"container\" data-e-type=\"container\" data-settings=\"{&quot;animation&quot;:&quot;fadeIn&quot;}\">\n\t\t\t\t\t<div class=\"e-con-inner\">\n\t\t<div class=\"elementor-element elementor-element-00f8eff e-con-full e-flex e-con e-child\" data-id=\"00f8eff\" data-element_type=\"container\" data-e-type=\"container\">\n\t\t\t\t<div class=\"elementor-element elementor-element-41b0849 elementor-widget elementor-widget-text-editor\" data-id=\"41b0849\" data-element_type=\"widget\" data-e-type=\"widget\" data-widget_type=\"text-editor.default\">\n\t\t\t\t<div class=\"elementor-widget-container\">\n\t\t\t\t\t\t\t\t\t<div>L&rsquo;Acc\u00e9l\u00e9rateur d&rsquo;entreprises sociales d&rsquo;Enactus Canada est un nouveau programme passionnant con\u00e7u pour permettre aux \u00e9quipes de d\u00e9velopper et de lancer des entreprises sociales innovantes. Le programme sera mis en \u0153uvre par la <g id=\"gid_0\">League of Innovators<\/g>, une organisation caritative canadienne qui soutient les jeunes dans leur parcours entrepreneurial. Dans le cadre de ce programme, les \u00e9quipes b\u00e9n\u00e9ficieront d&rsquo;un mentorat, apprendront les meilleures pratiques et recevront un financement.    <\/div><div> <\/div><div><b data-olk-copy-source=\"MessageBody\">Comment cela fonctionne-t-il ?<\/b><\/div><ul data-editing-info=\"{\"applyListStyleFromLevel\":false,\"unorderedStyleType\":2}\"><li><div role=\"presentation\">Dix entreprises \u00e9ligibles seront s\u00e9lectionn\u00e9es \u00e0 partir des candidatures <span style=\"background-color: transparent;\">pour le programme de 12 semaines.<\/span><\/div><\/li><li><div role=\"presentation\">Chaque entreprise recevra un financement initial de 1 500 dollars<\/div><\/li><li><div role=\"presentation\">Les entreprises seront invit\u00e9es \u00e0 se pr\u00e9senter pour obtenir un financement suppl\u00e9mentaire \u00e0 partir d&rsquo;une enveloppe de 50 000 dollars.<\/div><\/li><\/ul>\t\t\t\t\t\t\t\t<\/div>\n\t\t\t\t<\/div>\n\t\t<div class=\"elementor-element elementor-element-bef10ef e-con-full e-grid elementor-hidden-desktop elementor-hidden-tablet elementor-hidden-mobile e-con e-child\" data-id=\"bef10ef\" data-element_type=\"container\" data-e-type=\"container\">\n\t\t\t\t<div class=\"elementor-element elementor-element-d90d6e1 elementor-widget elementor-widget-button\" data-id=\"d90d6e1\" data-element_type=\"widget\" data-e-type=\"widget\" data-widget_type=\"button.default\">\n\t\t\t\t<div class=\"elementor-widget-container\">\n\t\t\t\t\t\t\t\t\t<div class=\"elementor-button-wrapper\">\n\t\t\t\t\t<a class=\"elementor-button elementor-button-link elementor-size-sm\" href=\"https:\/\/enactus.ca\/wp-content\/uploads\/2025\/09\/Social-Enterprise-Accelerator-Overview-1.pdf\" target=\"_blank\">\n\t\t\t\t\t\t<span class=\"elementor-button-content-wrapper\">\n\t\t\t\t\t\t\t\t\t<span class=\"elementor-button-text\">Vue d'ensemble<\/span>\n\t\t\t\t\t<\/span>\n\t\t\t\t\t<\/a>\n\t\t\t\t<\/div>\n\t\t\t\t\t\t\t\t<\/div>\n\t\t\t\t<\/div>\n\t\t\t\t<div class=\"elementor-element elementor-element-3769647 elementor-widget elementor-widget-button\" data-id=\"3769647\" data-element_type=\"widget\" data-e-type=\"widget\" data-widget_type=\"button.default\">\n\t\t\t\t<div class=\"elementor-widget-container\">\n\t\t\t\t\t\t\t\t\t<div class=\"elementor-button-wrapper\">\n\t\t\t\t\t<a class=\"elementor-button elementor-button-link elementor-size-sm\" href=\"https:\/\/enactus.ca\/wp-content\/uploads\/2025\/09\/Social-Enterprise-Accelerator-Application-Form.docx\" target=\"_blank\">\n\t\t\t\t\t\t<span class=\"elementor-button-content-wrapper\">\n\t\t\t\t\t\t\t\t\t<span class=\"elementor-button-text\">Mod\u00e8le de demande<\/span>\n\t\t\t\t\t<\/span>\n\t\t\t\t\t<\/a>\n\t\t\t\t<\/div>\n\t\t\t\t\t\t\t\t<\/div>\n\t\t\t\t<\/div>\n\t\t\t\t<\/div>\n\t\t\t\t<\/div>\n\t\t<div class=\"elementor-element elementor-element-5384bc4 e-con-full e-flex e-con e-child\" data-id=\"5384bc4\" data-element_type=\"container\" data-e-type=\"container\">\n\t\t\t\t<div class=\"elementor-element elementor-element-d81fa87 elementor-widget elementor-widget-image\" data-id=\"d81fa87\" data-element_type=\"widget\" data-e-type=\"widget\" data-widget_type=\"image.default\">\n\t\t\t\t<div class=\"elementor-widget-container\">\n\t\t\t\t\t\t\t\t\t\t\t\t<figure class=\"wp-caption\">\n\t\t\t\t\t\t\t\t\t\t<img fetchpriority=\"high\" decoding=\"async\" width=\"800\" height=\"600\" src=\"https:\/\/enactus.ca\/wp-content\/uploads\/2025\/09\/thumbnail_1D57144B-1EB1-4ED3-8C29-872F22618047-1-1024x768.jpg\" class=\"attachment-large size-large wp-image-44023\" alt=\"\" srcset=\"https:\/\/enactus.ca\/wp-content\/uploads\/2025\/09\/thumbnail_1D57144B-1EB1-4ED3-8C29-872F22618047-1-1024x768.jpg 1024w, https:\/\/enactus.ca\/wp-content\/uploads\/2025\/09\/thumbnail_1D57144B-1EB1-4ED3-8C29-872F22618047-1-300x225.jpg 300w, https:\/\/enactus.ca\/wp-content\/uploads\/2025\/09\/thumbnail_1D57144B-1EB1-4ED3-8C29-872F22618047-1-768x576.jpg 768w, https:\/\/enactus.ca\/wp-content\/uploads\/2025\/09\/thumbnail_1D57144B-1EB1-4ED3-8C29-872F22618047-1-1536x1152.jpg 1536w, https:\/\/enactus.ca\/wp-content\/uploads\/2025\/09\/thumbnail_1D57144B-1EB1-4ED3-8C29-872F22618047-1.jpg 1920w\" sizes=\"(max-width: 800px) 100vw, 800px\" \/>\t\t\t\t\t\t\t\t\t\t\t<figcaption class=\"widget-image-caption wp-caption-text\">Enactus Humber College, ReShade<\/figcaption>\n\t\t\t\t\t\t\t\t\t\t<\/figure>\n\t\t\t\t\t\t\t\t\t<\/div>\n\t\t\t\t<\/div>\n\t\t\t\t<\/div>\n\t\t\t\t\t<\/div>\n\t\t\t\t<\/div>\n\t\t<div class=\"elementor-element elementor-element-f99e4a7 e-flex e-con-boxed e-con e-parent\" data-id=\"f99e4a7\" data-element_type=\"container\" data-e-type=\"container\">\n\t\t\t\t\t<div class=\"e-con-inner\">\n\t\t<div class=\"elementor-element elementor-element-05d5678 e-con-full e-flex e-con e-child\" data-id=\"05d5678\" data-element_type=\"container\" data-e-type=\"container\">\n\t\t\t\t<div class=\"elementor-element elementor-element-2996137 elementor-widget elementor-widget-text-editor\" data-id=\"2996137\" data-element_type=\"widget\" data-e-type=\"widget\" data-widget_type=\"text-editor.default\">\n\t\t\t\t<div class=\"elementor-widget-container\">\n\t\t\t\t\t\t\t\t\t<h4>B\u00e9n\u00e9ficiaires de l&rsquo;acc\u00e9l\u00e9rateur d&rsquo;entreprises sociales 2025-2026<\/h4>\t\t\t\t\t\t\t\t<\/div>\n\t\t\t\t<\/div>\n\t\t<div class=\"elementor-element elementor-element-881588c e-grid e-con-full e-con e-child\" data-id=\"881588c\" data-element_type=\"container\" data-e-type=\"container\">\n\t\t\t\t<div class=\"elementor-element elementor-element-a8575ee elementor-widget elementor-widget-text-editor\" data-id=\"a8575ee\" data-element_type=\"widget\" data-e-type=\"widget\" data-widget_type=\"text-editor.default\">\n\t\t\t\t<div class=\"elementor-widget-container\">\n\t\t\t\t\t\t\t\t\t<ul><li><b>Entrehive,<\/b> Universit\u00e9 de Trent<\/li><li><b>HydraHerder,<\/b> SAIT<\/li><li><b>Kuponya Innovations,<\/b> Universit\u00e9 Wilfrid Laurier<\/li><li><b>LimbRise,<\/b> Universit\u00e9 de l&rsquo;\u00cele-du-Prince-\u00c9douard<\/li><li><b>Lum\u00f3ra,<\/b> BCIT<\/li><\/ul>\t\t\t\t\t\t\t\t<\/div>\n\t\t\t\t<\/div>\n\t\t\t\t<div class=\"elementor-element elementor-element-5608ccc elementor-widget elementor-widget-text-editor\" data-id=\"5608ccc\" data-element_type=\"widget\" data-e-type=\"widget\" data-widget_type=\"text-editor.default\">\n\t\t\t\t<div class=\"elementor-widget-container\">\n\t\t\t\t\t\t\t\t\t<ul><li><b>Nourish,<\/b> Universit\u00e9 Simon Fraser<\/li><li><b>Paper Trail,<\/b> Okanagan College<\/li><li><b>Rekindle,<\/b> Universit\u00e9 de la Colombie-Britannique &#8211; Vancouver<\/li><li><b>Reshade,<\/b> \u00c9cole polytechnique Humber<\/li><li><b>Veridite,<\/b> Universit\u00e9 du Nouveau-Brunswick<\/li><\/ul>\t\t\t\t\t\t\t\t<\/div>\n\t\t\t\t<\/div>\n\t\t\t\t<\/div>\n\t\t\t\t<\/div>\n\t\t\t\t\t<\/div>\n\t\t\t\t<\/div>\n\t\t\t\t<\/div>\n\t\t","protected":false},"excerpt":{"rendered":"<p>Acc\u00e9l\u00e9rateur d&rsquo;entreprises sociales L&rsquo;Acc\u00e9l\u00e9rateur d&rsquo;entreprises sociales d&rsquo;Enactus Canada est un nouveau programme passionnant con\u00e7u pour permettre aux \u00e9quipes de d\u00e9velopper et de lancer des entreprises sociales innovantes. Le programme sera mis en \u0153uvre par la League of Innovators, une organisation caritative canadienne qui soutient les jeunes dans leur parcours entrepreneurial. Dans le cadre de ce [&hellip;]<\/p>\n","protected":false},"author":8,"featured_media":0,"parent":42220,"menu_order":0,"comment_status":"closed","ping_status":"closed","template":"","meta":{"_acf_changed":false,"footnotes":""},"class_list":["post-44485","page","type-page","status-publish","hentry"],"acf":[],"yoast_head":"<!-- This site is optimized with the Yoast SEO plugin v27.3 - https:\/\/yoast.com\/product\/yoast-seo-wordpress\/ -->\n<title>Acc\u00e9l\u00e9rateur d&#039;entreprises sociales - Enactus Canada<\/title>\n<meta name=\"robots\" content=\"index, follow, max-snippet:-1, max-image-preview:large, max-video-preview:-1\" \/>\n<link rel=\"canonical\" href=\"https:\/\/enactus.ca\/fr\/les-programmes\/accelerateur-dentreprises-sociales\/\" \/>\n<meta property=\"og:locale\" content=\"fr_FR\" \/>\n<meta property=\"og:type\" content=\"article\" \/>\n<meta property=\"og:title\" content=\"Acc\u00e9l\u00e9rateur d&#039;entreprises sociales - Enactus Canada\" \/>\n<meta property=\"og:description\" content=\"Acc\u00e9l\u00e9rateur d&rsquo;entreprises sociales L&rsquo;Acc\u00e9l\u00e9rateur d&rsquo;entreprises sociales d&rsquo;Enactus Canada est un nouveau programme passionnant con\u00e7u pour permettre aux \u00e9quipes de d\u00e9velopper et de lancer des entreprises sociales innovantes. Le programme sera mis en \u0153uvre par la League of Innovators, une organisation caritative canadienne qui soutient les jeunes dans leur parcours entrepreneurial. Dans le cadre de ce [&hellip;]\" \/>\n<meta property=\"og:url\" content=\"https:\/\/enactus.ca\/fr\/les-programmes\/accelerateur-dentreprises-sociales\/\" \/>\n<meta property=\"og:site_name\" content=\"Enactus Canada\" \/>\n<meta property=\"article:modified_time\" content=\"2025-11-11T19:57:46+00:00\" \/>\n<meta property=\"og:image\" content=\"https:\/\/enactus.ca\/wp-content\/uploads\/2025\/09\/thumbnail_1D57144B-1EB1-4ED3-8C29-872F22618047-1-e1759328114975.jpg\" \/>\n\t<meta property=\"og:image:width\" content=\"1520\" \/>\n\t<meta property=\"og:image:height\" content=\"940\" \/>\n\t<meta property=\"og:image:type\" content=\"image\/jpeg\" \/>\n<meta name=\"twitter:card\" content=\"summary_large_image\" \/>\n<meta name=\"twitter:label1\" content=\"Dur\u00e9e de lecture estim\u00e9e\" \/>\n\t<meta name=\"twitter:data1\" content=\"1 minute\" \/>\n<script type=\"application\/ld+json\" class=\"yoast-schema-graph\">{\"@context\":\"https:\\\/\\\/schema.org\",\"@graph\":[{\"@type\":\"WebPage\",\"@id\":\"https:\\\/\\\/enactus.ca\\\/fr\\\/les-programmes\\\/accelerateur-dentreprises-sociales\\\/\",\"url\":\"https:\\\/\\\/enactus.ca\\\/fr\\\/les-programmes\\\/accelerateur-dentreprises-sociales\\\/\",\"name\":\"Acc\u00e9l\u00e9rateur d'entreprises sociales - Enactus Canada\",\"isPartOf\":{\"@id\":\"https:\\\/\\\/enactus.ca\\\/fr\\\/#website\"},\"primaryImageOfPage\":{\"@id\":\"https:\\\/\\\/enactus.ca\\\/fr\\\/les-programmes\\\/accelerateur-dentreprises-sociales\\\/#primaryimage\"},\"image\":{\"@id\":\"https:\\\/\\\/enactus.ca\\\/fr\\\/les-programmes\\\/accelerateur-dentreprises-sociales\\\/#primaryimage\"},\"thumbnailUrl\":\"https:\\\/\\\/enactus.ca\\\/wp-content\\\/uploads\\\/2025\\\/09\\\/thumbnail_1D57144B-1EB1-4ED3-8C29-872F22618047-1-e1759328114975-1024x633.jpg\",\"datePublished\":\"2025-09-26T17:56:50+00:00\",\"dateModified\":\"2025-11-11T19:57:46+00:00\",\"breadcrumb\":{\"@id\":\"https:\\\/\\\/enactus.ca\\\/fr\\\/les-programmes\\\/accelerateur-dentreprises-sociales\\\/#breadcrumb\"},\"inLanguage\":\"fr-FR\",\"potentialAction\":[{\"@type\":\"ReadAction\",\"target\":[\"https:\\\/\\\/enactus.ca\\\/fr\\\/les-programmes\\\/accelerateur-dentreprises-sociales\\\/\"]}]},{\"@type\":\"ImageObject\",\"inLanguage\":\"fr-FR\",\"@id\":\"https:\\\/\\\/enactus.ca\\\/fr\\\/les-programmes\\\/accelerateur-dentreprises-sociales\\\/#primaryimage\",\"url\":\"https:\\\/\\\/enactus.ca\\\/wp-content\\\/uploads\\\/2025\\\/09\\\/thumbnail_1D57144B-1EB1-4ED3-8C29-872F22618047-1-e1759328114975-1024x633.jpg\",\"contentUrl\":\"https:\\\/\\\/enactus.ca\\\/wp-content\\\/uploads\\\/2025\\\/09\\\/thumbnail_1D57144B-1EB1-4ED3-8C29-872F22618047-1-e1759328114975-1024x633.jpg\"},{\"@type\":\"BreadcrumbList\",\"@id\":\"https:\\\/\\\/enactus.ca\\\/fr\\\/les-programmes\\\/accelerateur-dentreprises-sociales\\\/#breadcrumb\",\"itemListElement\":[{\"@type\":\"ListItem\",\"position\":1,\"name\":\"Accueil\",\"item\":\"https:\\\/\\\/enactus.ca\\\/fr\\\/\"},{\"@type\":\"ListItem\",\"position\":2,\"name\":\"Les programmes\",\"item\":\"https:\\\/\\\/enactus.ca\\\/fr\\\/les-programmes\\\/\"},{\"@type\":\"ListItem\",\"position\":3,\"name\":\"Acc\u00e9l\u00e9rateur d&#8217;entreprises sociales\"}]},{\"@type\":\"WebSite\",\"@id\":\"https:\\\/\\\/enactus.ca\\\/fr\\\/#website\",\"url\":\"https:\\\/\\\/enactus.ca\\\/fr\\\/\",\"name\":\"Enactus Canada\",\"description\":\"Shaping generations of entrepreneurial leaders who are passionate about advancing the economic, social and environmental health of Canada.\",\"publisher\":{\"@id\":\"https:\\\/\\\/enactus.ca\\\/fr\\\/#organization\"},\"potentialAction\":[{\"@type\":\"SearchAction\",\"target\":{\"@type\":\"EntryPoint\",\"urlTemplate\":\"https:\\\/\\\/enactus.ca\\\/fr\\\/?s={search_term_string}\"},\"query-input\":{\"@type\":\"PropertyValueSpecification\",\"valueRequired\":true,\"valueName\":\"search_term_string\"}}],\"inLanguage\":\"fr-FR\"},{\"@type\":\"Organization\",\"@id\":\"https:\\\/\\\/enactus.ca\\\/fr\\\/#organization\",\"name\":\"Enactus Canada\",\"url\":\"https:\\\/\\\/enactus.ca\\\/fr\\\/\",\"logo\":{\"@type\":\"ImageObject\",\"inLanguage\":\"fr-FR\",\"@id\":\"https:\\\/\\\/enactus.ca\\\/fr\\\/#\\\/schema\\\/logo\\\/image\\\/\",\"url\":\"https:\\\/\\\/enactus.ca\\\/wp-content\\\/uploads\\\/2025\\\/03\\\/Enactus_Full_Color_logo.png\",\"contentUrl\":\"https:\\\/\\\/enactus.ca\\\/wp-content\\\/uploads\\\/2025\\\/03\\\/Enactus_Full_Color_logo.png\",\"width\":1523,\"height\":666,\"caption\":\"Enactus Canada\"},\"image\":{\"@id\":\"https:\\\/\\\/enactus.ca\\\/fr\\\/#\\\/schema\\\/logo\\\/image\\\/\"}}]}<\/script>\n<!-- \/ Yoast SEO plugin. -->","yoast_head_json":{"title":"Acc\u00e9l\u00e9rateur d'entreprises sociales - Enactus Canada","robots":{"index":"index","follow":"follow","max-snippet":"max-snippet:-1","max-image-preview":"max-image-preview:large","max-video-preview":"max-video-preview:-1"},"canonical":"https:\/\/enactus.ca\/fr\/les-programmes\/accelerateur-dentreprises-sociales\/","og_locale":"fr_FR","og_type":"article","og_title":"Acc\u00e9l\u00e9rateur d'entreprises sociales - Enactus Canada","og_description":"Acc\u00e9l\u00e9rateur d&rsquo;entreprises sociales L&rsquo;Acc\u00e9l\u00e9rateur d&rsquo;entreprises sociales d&rsquo;Enactus Canada est un nouveau programme passionnant con\u00e7u pour permettre aux \u00e9quipes de d\u00e9velopper et de lancer des entreprises sociales innovantes. Le programme sera mis en \u0153uvre par la League of Innovators, une organisation caritative canadienne qui soutient les jeunes dans leur parcours entrepreneurial. Dans le cadre de ce [&hellip;]","og_url":"https:\/\/enactus.ca\/fr\/les-programmes\/accelerateur-dentreprises-sociales\/","og_site_name":"Enactus Canada","article_modified_time":"2025-11-11T19:57:46+00:00","og_image":[{"width":1520,"height":940,"url":"https:\/\/enactus.ca\/wp-content\/uploads\/2025\/09\/thumbnail_1D57144B-1EB1-4ED3-8C29-872F22618047-1-e1759328114975.jpg","type":"image\/jpeg"}],"twitter_card":"summary_large_image","twitter_misc":{"Dur\u00e9e de lecture estim\u00e9e":"1 minute"},"schema":{"@context":"https:\/\/schema.org","@graph":[{"@type":"WebPage","@id":"https:\/\/enactus.ca\/fr\/les-programmes\/accelerateur-dentreprises-sociales\/","url":"https:\/\/enactus.ca\/fr\/les-programmes\/accelerateur-dentreprises-sociales\/","name":"Acc\u00e9l\u00e9rateur d'entreprises sociales - Enactus Canada","isPartOf":{"@id":"https:\/\/enactus.ca\/fr\/#website"},"primaryImageOfPage":{"@id":"https:\/\/enactus.ca\/fr\/les-programmes\/accelerateur-dentreprises-sociales\/#primaryimage"},"image":{"@id":"https:\/\/enactus.ca\/fr\/les-programmes\/accelerateur-dentreprises-sociales\/#primaryimage"},"thumbnailUrl":"https:\/\/enactus.ca\/wp-content\/uploads\/2025\/09\/thumbnail_1D57144B-1EB1-4ED3-8C29-872F22618047-1-e1759328114975-1024x633.jpg","datePublished":"2025-09-26T17:56:50+00:00","dateModified":"2025-11-11T19:57:46+00:00","breadcrumb":{"@id":"https:\/\/enactus.ca\/fr\/les-programmes\/accelerateur-dentreprises-sociales\/#breadcrumb"},"inLanguage":"fr-FR","potentialAction":[{"@type":"ReadAction","target":["https:\/\/enactus.ca\/fr\/les-programmes\/accelerateur-dentreprises-sociales\/"]}]},{"@type":"ImageObject","inLanguage":"fr-FR","@id":"https:\/\/enactus.ca\/fr\/les-programmes\/accelerateur-dentreprises-sociales\/#primaryimage","url":"https:\/\/enactus.ca\/wp-content\/uploads\/2025\/09\/thumbnail_1D57144B-1EB1-4ED3-8C29-872F22618047-1-e1759328114975-1024x633.jpg","contentUrl":"https:\/\/enactus.ca\/wp-content\/uploads\/2025\/09\/thumbnail_1D57144B-1EB1-4ED3-8C29-872F22618047-1-e1759328114975-1024x633.jpg"},{"@type":"BreadcrumbList","@id":"https:\/\/enactus.ca\/fr\/les-programmes\/accelerateur-dentreprises-sociales\/#breadcrumb","itemListElement":[{"@type":"ListItem","position":1,"name":"Accueil","item":"https:\/\/enactus.ca\/fr\/"},{"@type":"ListItem","position":2,"name":"Les programmes","item":"https:\/\/enactus.ca\/fr\/les-programmes\/"},{"@type":"ListItem","position":3,"name":"Acc\u00e9l\u00e9rateur d&#8217;entreprises sociales"}]},{"@type":"WebSite","@id":"https:\/\/enactus.ca\/fr\/#website","url":"https:\/\/enactus.ca\/fr\/","name":"Enactus Canada","description":"Shaping generations of entrepreneurial leaders who are passionate about advancing the economic, social and environmental health of Canada.","publisher":{"@id":"https:\/\/enactus.ca\/fr\/#organization"},"potentialAction":[{"@type":"SearchAction","target":{"@type":"EntryPoint","urlTemplate":"https:\/\/enactus.ca\/fr\/?s={search_term_string}"},"query-input":{"@type":"PropertyValueSpecification","valueRequired":true,"valueName":"search_term_string"}}],"inLanguage":"fr-FR"},{"@type":"Organization","@id":"https:\/\/enactus.ca\/fr\/#organization","name":"Enactus Canada","url":"https:\/\/enactus.ca\/fr\/","logo":{"@type":"ImageObject","inLanguage":"fr-FR","@id":"https:\/\/enactus.ca\/fr\/#\/schema\/logo\/image\/","url":"https:\/\/enactus.ca\/wp-content\/uploads\/2025\/03\/Enactus_Full_Color_logo.png","contentUrl":"https:\/\/enactus.ca\/wp-content\/uploads\/2025\/03\/Enactus_Full_Color_logo.png","width":1523,"height":666,"caption":"Enactus Canada"},"image":{"@id":"https:\/\/enactus.ca\/fr\/#\/schema\/logo\/image\/"}}]}},"_links":{"self":[{"href":"https:\/\/enactus.ca\/fr\/wp-json\/wp\/v2\/pages\/44485","targetHints":{"allow":["GET"]}}],"collection":[{"href":"https:\/\/enactus.ca\/fr\/wp-json\/wp\/v2\/pages"}],"about":[{"href":"https:\/\/enactus.ca\/fr\/wp-json\/wp\/v2\/types\/page"}],"author":[{"embeddable":true,"href":"https:\/\/enactus.ca\/fr\/wp-json\/wp\/v2\/users\/8"}],"replies":[{"embeddable":true,"href":"https:\/\/enactus.ca\/fr\/wp-json\/wp\/v2\/comments?post=44485"}],"version-history":[{"count":7,"href":"https:\/\/enactus.ca\/fr\/wp-json\/wp\/v2\/pages\/44485\/revisions"}],"predecessor-version":[{"id":44955,"href":"https:\/\/enactus.ca\/fr\/wp-json\/wp\/v2\/pages\/44485\/revisions\/44955"}],"up":[{"embeddable":true,"href":"https:\/\/enactus.ca\/fr\/wp-json\/wp\/v2\/pages\/42220"}],"wp:attachment":[{"href":"https:\/\/enactus.ca\/fr\/wp-json\/wp\/v2\/media?parent=44485"}],"curies":[{"name":"wp","href":"https:\/\/api.w.org\/{rel}","templated":true}]}}