{"id":45348,"date":"2025-11-24T15:03:19","date_gmt":"2025-11-24T20:03:19","guid":{"rendered":"https:\/\/enactus.ca\/les-programmes\/laboratoire-dinnovation-sociale\/"},"modified":"2025-11-25T14:51:57","modified_gmt":"2025-11-25T19:51:57","slug":"laboratoire-dinnovation-sociale","status":"publish","type":"page","link":"https:\/\/enactus.ca\/fr\/les-programmes\/laboratoire-dinnovation-sociale\/","title":{"rendered":"laboratoire d&rsquo;innovation sociale"},"content":{"rendered":"\t\t<div data-elementor-type=\"wp-page\" data-elementor-id=\"45348\" class=\"elementor elementor-45348 elementor-45198\" data-elementor-post-type=\"page\">\n\t\t\t\t<div class=\"elementor-element elementor-element-1aa59a04 header-title-only e-flex e-con-boxed e-con e-parent\" data-id=\"1aa59a04\" data-element_type=\"container\" data-e-type=\"container\" data-settings=\"{&quot;background_background&quot;:&quot;classic&quot;}\">\n\t\t\t\t\t<div class=\"e-con-inner\">\n\t\t<div class=\"elementor-element elementor-element-1275f1d3 e-con-full e-flex e-con e-child\" data-id=\"1275f1d3\" data-element_type=\"container\" data-e-type=\"container\">\n\t\t\t\t<div class=\"elementor-element elementor-element-ddb09dc elementor-widget elementor-widget-heading\" data-id=\"ddb09dc\" data-element_type=\"widget\" data-e-type=\"widget\" data-widget_type=\"heading.default\">\n\t\t\t\t<div class=\"elementor-widget-container\">\n\t\t\t\t\t<h1 class=\"elementor-heading-title elementor-size-default\">Laboratoire d'innovation sociale<\/h1>\t\t\t\t<\/div>\n\t\t\t\t<\/div>\n\t\t\t\t<\/div>\n\t\t<div class=\"elementor-element elementor-element-6d9c4af0 e-con-full graphic-left e-flex e-con e-child\" data-id=\"6d9c4af0\" data-element_type=\"container\" data-e-type=\"container\" data-settings=\"{&quot;background_background&quot;:&quot;classic&quot;,&quot;position&quot;:&quot;absolute&quot;}\">\n\t\t\t\t<\/div>\n\t\t<div class=\"elementor-element elementor-element-3dac6079 e-con-full click-through graphic-right elementor-hidden-tablet elementor-hidden-mobile e-flex e-con e-child\" data-id=\"3dac6079\" data-element_type=\"container\" data-e-type=\"container\" data-settings=\"{&quot;background_background&quot;:&quot;classic&quot;,&quot;position&quot;:&quot;absolute&quot;}\">\n\t\t\t\t<\/div>\n\t\t\t\t\t<\/div>\n\t\t\t\t<\/div>\n\t\t<div class=\"elementor-element elementor-element-cad8fa2 e-flex e-con-boxed e-con e-parent\" data-id=\"cad8fa2\" data-element_type=\"container\" data-e-type=\"container\">\n\t\t\t\t\t<div class=\"e-con-inner\">\n\t\t\t\t<div class=\"elementor-element elementor-element-7aafc0f elementor-widget elementor-widget-spacer\" data-id=\"7aafc0f\" data-element_type=\"widget\" data-e-type=\"widget\" data-widget_type=\"spacer.default\">\n\t\t\t\t<div class=\"elementor-widget-container\">\n\t\t\t\t\t\t\t<div class=\"elementor-spacer\">\n\t\t\t<div class=\"elementor-spacer-inner\"><\/div>\n\t\t<\/div>\n\t\t\t\t\t\t<\/div>\n\t\t\t\t<\/div>\n\t\t\t\t\t<\/div>\n\t\t\t\t<\/div>\n\t\t<div class=\"elementor-element elementor-element-fd15f61 e-grid e-con-boxed e-con e-parent\" data-id=\"fd15f61\" data-element_type=\"container\" data-e-type=\"container\">\n\t\t\t\t\t<div class=\"e-con-inner\">\n\t\t<div class=\"elementor-element elementor-element-55ee9a0 e-con-full e-flex e-con e-child\" data-id=\"55ee9a0\" data-element_type=\"container\" data-e-type=\"container\">\n\t\t<div class=\"elementor-element elementor-element-04f198e e-con-full e-flex e-con e-child\" data-id=\"04f198e\" data-element_type=\"container\" data-e-type=\"container\">\n\t\t\t\t<div class=\"elementor-element elementor-element-5d9d4c4 elementor-widget elementor-widget-image\" data-id=\"5d9d4c4\" data-element_type=\"widget\" data-e-type=\"widget\" data-widget_type=\"image.default\">\n\t\t\t\t<div class=\"elementor-widget-container\">\n\t\t\t\t\t\t\t\t\t\t\t\t\t\t\t<img decoding=\"async\" width=\"211\" height=\"141\" src=\"https:\/\/enactus.ca\/wp-content\/uploads\/2025\/11\/BSF_Foundation_Logo_Colour_boSjDit_ymF842R-1.png\" class=\"attachment-large size-large wp-image-45290\" alt=\"\" \/>\t\t\t\t\t\t\t\t\t\t\t\t\t\t\t<\/div>\n\t\t\t\t<\/div>\n\t\t\t\t<\/div>\n\t\t\t\t<div class=\"elementor-element elementor-element-b3a97e2 elementor-widget elementor-widget-text-editor\" data-id=\"b3a97e2\" data-element_type=\"widget\" data-e-type=\"widget\" data-widget_type=\"text-editor.default\">\n\t\t\t\t<div class=\"elementor-widget-container\">\n\t\t\t\t\t\t\t\t\t<p><span class=\"TextRun SCXW38177676 BCX0\" lang=\"EN-US\" xml:lang=\"EN-US\" data-contrast=\"none\"><span class=\"NormalTextRun SCXW38177676 BCX0\">Les<\/span><span class=\"NormalTextRun SCXW38177676 BCX0\"> <a href=\"https:\/\/thebsf.ca\/\" target=\"_blank\" rel=\"noopener\">Brenda Strafford<\/a> <\/span><span class=\"NormalTextRun SCXW38177676 BCX0\">Laboratoire d&rsquo;innovation sociale<\/span><span class=\"NormalTextRun SCXW38177676 BCX0\"> <\/span><span class=\"NormalTextRun SCXW38177676 BCX0\">offre aux \u00e9tudiants Enactus de tout le Canada la possibilit\u00e9<\/span> <span class=\"NormalTextRun SCXW38177676 BCX0\">l&rsquo;occasion de s&rsquo;attaquer \u00e0 l&rsquo;un des <\/span><span class=\"NormalTextRun SCXW38177676 BCX0\">l&rsquo;un des probl\u00e8mes sociaux <\/span><span class=\"NormalTextRun SCXW38177676 BCX0\">probl\u00e8mes sociaux les plus urgents du pays<\/span><span class=\"NormalTextRun SCXW38177676 BCX0\">en aidant <\/span><span class=\"NormalTextRun SCXW38177676 BCX0\">en aidant les survivants de la<\/span> <span class=\"NormalTextRun SCXW38177676 BCX0\">violence domestique <\/span><span class=\"NormalTextRun SCXW38177676 BCX0\">\u00e0 reconstruire<\/span><span class=\"NormalTextRun SCXW38177676 BCX0\"> leur vie dans la s\u00e9curit\u00e9, la dignit\u00e9 et la stabilit\u00e9 \u00e0 long terme.<\/span> <\/span><\/p><p><span class=\"TextRun SCXW38177676 BCX0\" lang=\"EN-US\" xml:lang=\"EN-US\" data-contrast=\"none\"><span class=\"NormalTextRun SCXW38177676 BCX0\">Gr\u00e2ce \u00e0 ce programme, les \u00e9quipes b\u00e9n\u00e9ficieront d&rsquo;un mentorat, apprendront les meilleures pratiques et recevront un financement.<\/span><\/span><span class=\"EOP SCXW38177676 BCX0\" data-ccp-props=\"{\"134233117\":false,\"134233118\":false,\"201341983\":0,\"335559738\":0,\"335559739\":0,\"335559740\":276}\"> <\/span><\/p><h5><b><span data-contrast=\"none\">Comment cela fonctionne-t-il ?<\/span><\/b><span data-ccp-props=\"{\"134233117\":false,\"134233118\":false,\"201341983\":0,\"335559738\":0,\"335559739\":0,\"335559740\":276}\"> <\/span><\/h5><ul><li aria-setsize=\"-1\" data-leveltext=\"\uf0b7\" data-font=\"Symbol\" data-listid=\"3\" data-list-defn-props=\"{\"335552541\":1,\"335559685\":720,\"335559991\":360,\"469769226\":\"Symbol\",\"469769242\":[8226],\"469777803\":\"left\",\"469777804\":\"\uf0b7\",\"469777815\":\"hybridMultilevel\"}\" data-aria-posinset=\"1\" data-aria-level=\"1\"><span data-contrast=\"none\">Six \u00e9tudiants Enactus seront s\u00e9lectionn\u00e9s pour travailler en petites \u00e9quipes et utiliser la pens\u00e9e design centr\u00e9e sur l&rsquo;humain pour d\u00e9velopper des solutions innovantes, guid\u00e9s par un facilitateur d\u00e9di\u00e9 et soutenus par des experts en la mati\u00e8re.<\/span><span data-ccp-props=\"{\"134233117\":false,\"134233118\":false,\"201341983\":0,\"335559738\":0,\"335559739\":0,\"335559740\":276}\"> <\/span><\/li><li aria-setsize=\"-1\" data-leveltext=\"\uf0b7\" data-font=\"Symbol\" data-listid=\"3\" data-list-defn-props=\"{\"335552541\":1,\"335559685\":720,\"335559991\":360,\"469769226\":\"Symbol\",\"469769242\":[8226],\"469777803\":\"left\",\"469777804\":\"\uf0b7\",\"469777815\":\"hybridMultilevel\"}\" data-aria-posinset=\"1\" data-aria-level=\"1\"><span data-contrast=\"auto\">Acqu\u00e9rir une exp\u00e9rience pratique de l&rsquo;application de la pens\u00e9e design dans un contexte d&rsquo;innovation sociale tenant compte des traumatismes au cours du programme de 12 semaines.<\/span><\/li><li aria-setsize=\"-1\" data-leveltext=\"\uf0b7\" data-font=\"Symbol\" data-listid=\"3\" data-list-defn-props=\"{\"335552541\":1,\"335559685\":720,\"335559991\":360,\"469769226\":\"Symbol\",\"469769242\":[8226],\"469777803\":\"left\",\"469777804\":\"\uf0b7\",\"469777815\":\"hybridMultilevel\"}\" data-aria-posinset=\"1\" data-aria-level=\"1\"><span data-contrast=\"auto\">Les \u00e9tudiants s\u00e9lectionn\u00e9s recevront jusqu&rsquo;\u00e0 1 000 dollars de frais de d\u00e9placement pour assister \u00e0 l&rsquo;exposition nationale d&rsquo;Enactus Canada.<\/span><\/li><li aria-setsize=\"-1\" data-leveltext=\"\uf0b7\" data-font=\"Symbol\" data-listid=\"3\" data-list-defn-props=\"{\"335552541\":1,\"335559685\":720,\"335559991\":360,\"469769226\":\"Symbol\",\"469769242\":[8226],\"469777803\":\"left\",\"469777804\":\"\uf0b7\",\"469777815\":\"hybridMultilevel\"}\" data-aria-posinset=\"1\" data-aria-level=\"1\">Chaque \u00e9quipe d\u00e9veloppera sa propre approche et pr\u00e9sentera ses solutions finales \u00e0 la<span data-contrast=\"none\">Fondation<\/span> Brenda Strafford<span data-ccp-props=\"{\"134233117\":false,\"134233118\":false,\"201341983\":0,\"335559738\":0,\"335559739\":0,\"335559740\":276}\"> <\/span><span data-contrast=\"none\">et \u00e0 un public national lors de l&rsquo;exposition nationale d&rsquo;Enactus Canada.<\/span><\/li><\/ul><p>Les candidatures sont ouvertes du mercredi 26 novembre au dimanche 14 d\u00e9cembre \u00e0 23h59 (ET).<\/p>\t\t\t\t\t\t\t\t<\/div>\n\t\t\t\t<\/div>\n\t\t\t\t<\/div>\n\t\t\t\t<div class=\"elementor-element elementor-element-9b785ef elementor-widget elementor-widget-image\" data-id=\"9b785ef\" data-element_type=\"widget\" data-e-type=\"widget\" data-widget_type=\"image.default\">\n\t\t\t\t<div class=\"elementor-widget-container\">\n\t\t\t\t\t\t\t\t\t\t\t\t\t\t\t<img fetchpriority=\"high\" decoding=\"async\" width=\"800\" height=\"534\" src=\"https:\/\/enactus.ca\/wp-content\/uploads\/2025\/11\/54538251465_13bc0cd3cb_o-1024x683.jpg\" class=\"attachment-large size-large wp-image-45205\" alt=\"\" srcset=\"https:\/\/enactus.ca\/wp-content\/uploads\/2025\/11\/54538251465_13bc0cd3cb_o-1024x683.jpg 1024w, https:\/\/enactus.ca\/wp-content\/uploads\/2025\/11\/54538251465_13bc0cd3cb_o-300x200.jpg 300w, https:\/\/enactus.ca\/wp-content\/uploads\/2025\/11\/54538251465_13bc0cd3cb_o-768x512.jpg 768w, https:\/\/enactus.ca\/wp-content\/uploads\/2025\/11\/54538251465_13bc0cd3cb_o-1536x1024.jpg 1536w, https:\/\/enactus.ca\/wp-content\/uploads\/2025\/11\/54538251465_13bc0cd3cb_o-2048x1365.jpg 2048w\" sizes=\"(max-width: 800px) 100vw, 800px\" \/>\t\t\t\t\t\t\t\t\t\t\t\t\t\t\t<\/div>\n\t\t\t\t<\/div>\n\t\t\t\t\t<\/div>\n\t\t\t\t<\/div>\n\t\t<div class=\"elementor-element elementor-element-f38355e e-flex e-con-boxed e-con e-parent\" data-id=\"f38355e\" data-element_type=\"container\" data-e-type=\"container\">\n\t\t\t\t\t<div class=\"e-con-inner\">\n\t\t<div class=\"elementor-element elementor-element-fec9b6a e-con-full e-flex e-con e-child\" data-id=\"fec9b6a\" data-element_type=\"container\" data-e-type=\"container\">\n\t\t\t\t<div class=\"elementor-element elementor-element-1bcddf3 elementor-widget elementor-widget-button\" data-id=\"1bcddf3\" data-element_type=\"widget\" data-e-type=\"widget\" data-widget_type=\"button.default\">\n\t\t\t\t<div class=\"elementor-widget-container\">\n\t\t\t\t\t\t\t\t\t<div class=\"elementor-button-wrapper\">\n\t\t\t\t\t<a class=\"elementor-button elementor-button-link elementor-size-sm\" href=\"https:\/\/enactus.ca\/wp-content\/uploads\/2025\/11\/Brenda-Strafford-Social-Innovation-Lab-Overview.pdf\" target=\"_blank\">\n\t\t\t\t\t\t<span class=\"elementor-button-content-wrapper\">\n\t\t\t\t\t\t\t\t\t<span class=\"elementor-button-text\">Vue d'ensemble<\/span>\n\t\t\t\t\t<\/span>\n\t\t\t\t\t<\/a>\n\t\t\t\t<\/div>\n\t\t\t\t\t\t\t\t<\/div>\n\t\t\t\t<\/div>\n\t\t\t\t<\/div>\n\t\t<div class=\"elementor-element elementor-element-623730d e-con-full e-flex e-con e-child\" data-id=\"623730d\" data-element_type=\"container\" data-e-type=\"container\">\n\t\t\t\t<div class=\"elementor-element elementor-element-6add9e0 elementor-widget elementor-widget-button\" data-id=\"6add9e0\" data-element_type=\"widget\" data-e-type=\"widget\" data-widget_type=\"button.default\">\n\t\t\t\t<div class=\"elementor-widget-container\">\n\t\t\t\t\t\t\t\t\t<div class=\"elementor-button-wrapper\">\n\t\t\t\t\t<a class=\"elementor-button elementor-button-link elementor-size-sm\" href=\"https:\/\/enactuscanada.fillout.com\/2025-2026-social-innovation-lab\">\n\t\t\t\t\t\t<span class=\"elementor-button-content-wrapper\">\n\t\t\t\t\t\t\t\t\t<span class=\"elementor-button-text\">Appliquer<\/span>\n\t\t\t\t\t<\/span>\n\t\t\t\t\t<\/a>\n\t\t\t\t<\/div>\n\t\t\t\t\t\t\t\t<\/div>\n\t\t\t\t<\/div>\n\t\t\t\t<\/div>\n\t\t\t\t\t<\/div>\n\t\t\t\t<\/div>\n\t\t<div class=\"elementor-element elementor-element-7c5ba51 e-flex e-con-boxed e-con e-parent\" data-id=\"7c5ba51\" data-element_type=\"container\" data-e-type=\"container\">\n\t\t\t\t\t<div class=\"e-con-inner\">\n\t\t\t\t<div class=\"elementor-element elementor-element-d76b0d1 elementor-widget elementor-widget-spacer\" data-id=\"d76b0d1\" data-element_type=\"widget\" data-e-type=\"widget\" data-widget_type=\"spacer.default\">\n\t\t\t\t<div class=\"elementor-widget-container\">\n\t\t\t\t\t\t\t<div class=\"elementor-spacer\">\n\t\t\t<div class=\"elementor-spacer-inner\"><\/div>\n\t\t<\/div>\n\t\t\t\t\t\t<\/div>\n\t\t\t\t<\/div>\n\t\t\t\t\t<\/div>\n\t\t\t\t<\/div>\n\t\t\t\t<\/div>\n\t\t","protected":false},"excerpt":{"rendered":"<p>Laboratoire d&rsquo;innovation sociale Les Brenda Strafford Laboratoire d&rsquo;innovation sociale offre aux \u00e9tudiants Enactus de tout le Canada la possibilit\u00e9 l&rsquo;occasion de s&rsquo;attaquer \u00e0 l&rsquo;un des l&rsquo;un des probl\u00e8mes sociaux probl\u00e8mes sociaux les plus urgents du paysen aidant en aidant les survivants de la violence domestique \u00e0 reconstruire leur vie dans la s\u00e9curit\u00e9, la dignit\u00e9 et [&hellip;]<\/p>\n","protected":false},"author":8,"featured_media":0,"parent":42220,"menu_order":0,"comment_status":"closed","ping_status":"closed","template":"","meta":{"_acf_changed":false,"footnotes":""},"class_list":["post-45348","page","type-page","status-publish","hentry"],"acf":[],"yoast_head":"<!-- This site is optimized with the Yoast SEO plugin v27.3 - https:\/\/yoast.com\/product\/yoast-seo-wordpress\/ -->\n<title>laboratoire d&#039;innovation sociale - Enactus Canada<\/title>\n<meta name=\"robots\" content=\"index, follow, max-snippet:-1, max-image-preview:large, max-video-preview:-1\" \/>\n<link rel=\"canonical\" href=\"https:\/\/enactus.ca\/fr\/les-programmes\/laboratoire-dinnovation-sociale\/\" \/>\n<meta property=\"og:locale\" content=\"fr_FR\" \/>\n<meta property=\"og:type\" content=\"article\" \/>\n<meta property=\"og:title\" content=\"laboratoire d&#039;innovation sociale - Enactus Canada\" \/>\n<meta property=\"og:description\" content=\"Laboratoire d&rsquo;innovation sociale Les Brenda Strafford Laboratoire d&rsquo;innovation sociale offre aux \u00e9tudiants Enactus de tout le Canada la possibilit\u00e9 l&rsquo;occasion de s&rsquo;attaquer \u00e0 l&rsquo;un des l&rsquo;un des probl\u00e8mes sociaux probl\u00e8mes sociaux les plus urgents du paysen aidant en aidant les survivants de la violence domestique \u00e0 reconstruire leur vie dans la s\u00e9curit\u00e9, la dignit\u00e9 et [&hellip;]\" \/>\n<meta property=\"og:url\" content=\"https:\/\/enactus.ca\/fr\/les-programmes\/laboratoire-dinnovation-sociale\/\" \/>\n<meta property=\"og:site_name\" content=\"Enactus Canada\" \/>\n<meta property=\"article:modified_time\" content=\"2025-11-25T19:51:57+00:00\" \/>\n<meta property=\"og:image\" content=\"https:\/\/enactus.ca\/wp-content\/uploads\/2025\/11\/BSF_Foundation_Logo_Colour_boSjDit_ymF842R-1.png\" \/>\n\t<meta property=\"og:image:width\" content=\"211\" \/>\n\t<meta property=\"og:image:height\" content=\"141\" \/>\n\t<meta property=\"og:image:type\" content=\"image\/png\" \/>\n<meta name=\"twitter:card\" content=\"summary_large_image\" \/>\n<meta name=\"twitter:label1\" content=\"Dur\u00e9e de lecture estim\u00e9e\" \/>\n\t<meta name=\"twitter:data1\" content=\"1 minute\" \/>\n<script type=\"application\/ld+json\" class=\"yoast-schema-graph\">{\"@context\":\"https:\\\/\\\/schema.org\",\"@graph\":[{\"@type\":\"WebPage\",\"@id\":\"https:\\\/\\\/enactus.ca\\\/fr\\\/les-programmes\\\/laboratoire-dinnovation-sociale\\\/\",\"url\":\"https:\\\/\\\/enactus.ca\\\/fr\\\/les-programmes\\\/laboratoire-dinnovation-sociale\\\/\",\"name\":\"laboratoire d'innovation sociale - Enactus Canada\",\"isPartOf\":{\"@id\":\"https:\\\/\\\/enactus.ca\\\/fr\\\/#website\"},\"primaryImageOfPage\":{\"@id\":\"https:\\\/\\\/enactus.ca\\\/fr\\\/les-programmes\\\/laboratoire-dinnovation-sociale\\\/#primaryimage\"},\"image\":{\"@id\":\"https:\\\/\\\/enactus.ca\\\/fr\\\/les-programmes\\\/laboratoire-dinnovation-sociale\\\/#primaryimage\"},\"thumbnailUrl\":\"https:\\\/\\\/enactus.ca\\\/wp-content\\\/uploads\\\/2025\\\/11\\\/BSF_Foundation_Logo_Colour_boSjDit_ymF842R-1.png\",\"datePublished\":\"2025-11-24T20:03:19+00:00\",\"dateModified\":\"2025-11-25T19:51:57+00:00\",\"breadcrumb\":{\"@id\":\"https:\\\/\\\/enactus.ca\\\/fr\\\/les-programmes\\\/laboratoire-dinnovation-sociale\\\/#breadcrumb\"},\"inLanguage\":\"fr-FR\",\"potentialAction\":[{\"@type\":\"ReadAction\",\"target\":[\"https:\\\/\\\/enactus.ca\\\/fr\\\/les-programmes\\\/laboratoire-dinnovation-sociale\\\/\"]}]},{\"@type\":\"ImageObject\",\"inLanguage\":\"fr-FR\",\"@id\":\"https:\\\/\\\/enactus.ca\\\/fr\\\/les-programmes\\\/laboratoire-dinnovation-sociale\\\/#primaryimage\",\"url\":\"https:\\\/\\\/enactus.ca\\\/wp-content\\\/uploads\\\/2025\\\/11\\\/BSF_Foundation_Logo_Colour_boSjDit_ymF842R-1.png\",\"contentUrl\":\"https:\\\/\\\/enactus.ca\\\/wp-content\\\/uploads\\\/2025\\\/11\\\/BSF_Foundation_Logo_Colour_boSjDit_ymF842R-1.png\"},{\"@type\":\"BreadcrumbList\",\"@id\":\"https:\\\/\\\/enactus.ca\\\/fr\\\/les-programmes\\\/laboratoire-dinnovation-sociale\\\/#breadcrumb\",\"itemListElement\":[{\"@type\":\"ListItem\",\"position\":1,\"name\":\"Accueil\",\"item\":\"https:\\\/\\\/enactus.ca\\\/fr\\\/\"},{\"@type\":\"ListItem\",\"position\":2,\"name\":\"Les programmes\",\"item\":\"https:\\\/\\\/enactus.ca\\\/fr\\\/les-programmes\\\/\"},{\"@type\":\"ListItem\",\"position\":3,\"name\":\"laboratoire d&#8217;innovation sociale\"}]},{\"@type\":\"WebSite\",\"@id\":\"https:\\\/\\\/enactus.ca\\\/fr\\\/#website\",\"url\":\"https:\\\/\\\/enactus.ca\\\/fr\\\/\",\"name\":\"Enactus Canada\",\"description\":\"Shaping generations of entrepreneurial leaders who are passionate about advancing the economic, social and environmental health of Canada.\",\"publisher\":{\"@id\":\"https:\\\/\\\/enactus.ca\\\/fr\\\/#organization\"},\"potentialAction\":[{\"@type\":\"SearchAction\",\"target\":{\"@type\":\"EntryPoint\",\"urlTemplate\":\"https:\\\/\\\/enactus.ca\\\/fr\\\/?s={search_term_string}\"},\"query-input\":{\"@type\":\"PropertyValueSpecification\",\"valueRequired\":true,\"valueName\":\"search_term_string\"}}],\"inLanguage\":\"fr-FR\"},{\"@type\":\"Organization\",\"@id\":\"https:\\\/\\\/enactus.ca\\\/fr\\\/#organization\",\"name\":\"Enactus Canada\",\"url\":\"https:\\\/\\\/enactus.ca\\\/fr\\\/\",\"logo\":{\"@type\":\"ImageObject\",\"inLanguage\":\"fr-FR\",\"@id\":\"https:\\\/\\\/enactus.ca\\\/fr\\\/#\\\/schema\\\/logo\\\/image\\\/\",\"url\":\"https:\\\/\\\/enactus.ca\\\/wp-content\\\/uploads\\\/2025\\\/03\\\/Enactus_Full_Color_logo.png\",\"contentUrl\":\"https:\\\/\\\/enactus.ca\\\/wp-content\\\/uploads\\\/2025\\\/03\\\/Enactus_Full_Color_logo.png\",\"width\":1523,\"height\":666,\"caption\":\"Enactus Canada\"},\"image\":{\"@id\":\"https:\\\/\\\/enactus.ca\\\/fr\\\/#\\\/schema\\\/logo\\\/image\\\/\"}}]}<\/script>\n<!-- \/ Yoast SEO plugin. -->","yoast_head_json":{"title":"laboratoire d'innovation sociale - Enactus Canada","robots":{"index":"index","follow":"follow","max-snippet":"max-snippet:-1","max-image-preview":"max-image-preview:large","max-video-preview":"max-video-preview:-1"},"canonical":"https:\/\/enactus.ca\/fr\/les-programmes\/laboratoire-dinnovation-sociale\/","og_locale":"fr_FR","og_type":"article","og_title":"laboratoire d'innovation sociale - Enactus Canada","og_description":"Laboratoire d&rsquo;innovation sociale Les Brenda Strafford Laboratoire d&rsquo;innovation sociale offre aux \u00e9tudiants Enactus de tout le Canada la possibilit\u00e9 l&rsquo;occasion de s&rsquo;attaquer \u00e0 l&rsquo;un des l&rsquo;un des probl\u00e8mes sociaux probl\u00e8mes sociaux les plus urgents du paysen aidant en aidant les survivants de la violence domestique \u00e0 reconstruire leur vie dans la s\u00e9curit\u00e9, la dignit\u00e9 et [&hellip;]","og_url":"https:\/\/enactus.ca\/fr\/les-programmes\/laboratoire-dinnovation-sociale\/","og_site_name":"Enactus Canada","article_modified_time":"2025-11-25T19:51:57+00:00","og_image":[{"width":211,"height":141,"url":"https:\/\/enactus.ca\/wp-content\/uploads\/2025\/11\/BSF_Foundation_Logo_Colour_boSjDit_ymF842R-1.png","type":"image\/png"}],"twitter_card":"summary_large_image","twitter_misc":{"Dur\u00e9e de lecture estim\u00e9e":"1 minute"},"schema":{"@context":"https:\/\/schema.org","@graph":[{"@type":"WebPage","@id":"https:\/\/enactus.ca\/fr\/les-programmes\/laboratoire-dinnovation-sociale\/","url":"https:\/\/enactus.ca\/fr\/les-programmes\/laboratoire-dinnovation-sociale\/","name":"laboratoire d'innovation sociale - Enactus Canada","isPartOf":{"@id":"https:\/\/enactus.ca\/fr\/#website"},"primaryImageOfPage":{"@id":"https:\/\/enactus.ca\/fr\/les-programmes\/laboratoire-dinnovation-sociale\/#primaryimage"},"image":{"@id":"https:\/\/enactus.ca\/fr\/les-programmes\/laboratoire-dinnovation-sociale\/#primaryimage"},"thumbnailUrl":"https:\/\/enactus.ca\/wp-content\/uploads\/2025\/11\/BSF_Foundation_Logo_Colour_boSjDit_ymF842R-1.png","datePublished":"2025-11-24T20:03:19+00:00","dateModified":"2025-11-25T19:51:57+00:00","breadcrumb":{"@id":"https:\/\/enactus.ca\/fr\/les-programmes\/laboratoire-dinnovation-sociale\/#breadcrumb"},"inLanguage":"fr-FR","potentialAction":[{"@type":"ReadAction","target":["https:\/\/enactus.ca\/fr\/les-programmes\/laboratoire-dinnovation-sociale\/"]}]},{"@type":"ImageObject","inLanguage":"fr-FR","@id":"https:\/\/enactus.ca\/fr\/les-programmes\/laboratoire-dinnovation-sociale\/#primaryimage","url":"https:\/\/enactus.ca\/wp-content\/uploads\/2025\/11\/BSF_Foundation_Logo_Colour_boSjDit_ymF842R-1.png","contentUrl":"https:\/\/enactus.ca\/wp-content\/uploads\/2025\/11\/BSF_Foundation_Logo_Colour_boSjDit_ymF842R-1.png"},{"@type":"BreadcrumbList","@id":"https:\/\/enactus.ca\/fr\/les-programmes\/laboratoire-dinnovation-sociale\/#breadcrumb","itemListElement":[{"@type":"ListItem","position":1,"name":"Accueil","item":"https:\/\/enactus.ca\/fr\/"},{"@type":"ListItem","position":2,"name":"Les programmes","item":"https:\/\/enactus.ca\/fr\/les-programmes\/"},{"@type":"ListItem","position":3,"name":"laboratoire d&#8217;innovation sociale"}]},{"@type":"WebSite","@id":"https:\/\/enactus.ca\/fr\/#website","url":"https:\/\/enactus.ca\/fr\/","name":"Enactus Canada","description":"Shaping generations of entrepreneurial leaders who are passionate about advancing the economic, social and environmental health of Canada.","publisher":{"@id":"https:\/\/enactus.ca\/fr\/#organization"},"potentialAction":[{"@type":"SearchAction","target":{"@type":"EntryPoint","urlTemplate":"https:\/\/enactus.ca\/fr\/?s={search_term_string}"},"query-input":{"@type":"PropertyValueSpecification","valueRequired":true,"valueName":"search_term_string"}}],"inLanguage":"fr-FR"},{"@type":"Organization","@id":"https:\/\/enactus.ca\/fr\/#organization","name":"Enactus Canada","url":"https:\/\/enactus.ca\/fr\/","logo":{"@type":"ImageObject","inLanguage":"fr-FR","@id":"https:\/\/enactus.ca\/fr\/#\/schema\/logo\/image\/","url":"https:\/\/enactus.ca\/wp-content\/uploads\/2025\/03\/Enactus_Full_Color_logo.png","contentUrl":"https:\/\/enactus.ca\/wp-content\/uploads\/2025\/03\/Enactus_Full_Color_logo.png","width":1523,"height":666,"caption":"Enactus Canada"},"image":{"@id":"https:\/\/enactus.ca\/fr\/#\/schema\/logo\/image\/"}}]}},"_links":{"self":[{"href":"https:\/\/enactus.ca\/fr\/wp-json\/wp\/v2\/pages\/45348","targetHints":{"allow":["GET"]}}],"collection":[{"href":"https:\/\/enactus.ca\/fr\/wp-json\/wp\/v2\/pages"}],"about":[{"href":"https:\/\/enactus.ca\/fr\/wp-json\/wp\/v2\/types\/page"}],"author":[{"embeddable":true,"href":"https:\/\/enactus.ca\/fr\/wp-json\/wp\/v2\/users\/8"}],"replies":[{"embeddable":true,"href":"https:\/\/enactus.ca\/fr\/wp-json\/wp\/v2\/comments?post=45348"}],"version-history":[{"count":2,"href":"https:\/\/enactus.ca\/fr\/wp-json\/wp\/v2\/pages\/45348\/revisions"}],"predecessor-version":[{"id":45358,"href":"https:\/\/enactus.ca\/fr\/wp-json\/wp\/v2\/pages\/45348\/revisions\/45358"}],"up":[{"embeddable":true,"href":"https:\/\/enactus.ca\/fr\/wp-json\/wp\/v2\/pages\/42220"}],"wp:attachment":[{"href":"https:\/\/enactus.ca\/fr\/wp-json\/wp\/v2\/media?parent=45348"}],"curies":[{"name":"wp","href":"https:\/\/api.w.org\/{rel}","templated":true}]}}